{"id":666,"date":"2023-07-02T17:42:46","date_gmt":"2023-07-02T21:42:46","guid":{"rendered":"https:\/\/enot.design\/?post_type=product&#038;p=666"},"modified":"2025-04-13T15:42:07","modified_gmt":"2025-04-13T19:42:07","slug":"1000-tarjetas-de-presentacion","status":"publish","type":"product","link":"https:\/\/enot.design\/en\/product\/1000-tarjetas-de-presentacion\/","title":{"rendered":"1,000 Tarjetas de Presentaci\u00f3n"},"content":{"rendered":"<p>Ofrecemos dise\u00f1o e impresi\u00f3n de tarjetas de presentaci\u00f3n.<\/p>\n<p>Nuestro servicio incluye:<\/p>\n<ul>\n<li>Dise\u00f1o de una tarjeta ambos lados<\/li>\n<li>2 rondas de revisi\u00f3n de arte.<\/li>\n<li>QrCode<\/li>\n<li>No es elegible a rembolso de dinero por el servicio.<\/li>\n<\/ul>\n<p>El servicio no incluye el dise\u00f1o de logotipo este debe ser enviado en formato transparente al correo: anibal@enot.design. El tiempo estimado de entrega son dos semanas luego de tener el arte listo.<\/p>","protected":false},"excerpt":{"rendered":"<p>Las tarjetas de presentaci\u00f3n siguen siendo una herramienta fundamental en el mundo de los negocios. Aunque vivimos en una era digital, la conexi\u00f3n personal cara a cara sigue siendo invaluable. Las tarjetas de presentaci\u00f3n son una extensi\u00f3n tangible de tu identidad profesional y permiten establecer contactos de manera r\u00e1pida y efectiva.<\/p>","protected":false},"featured_media":673,"comment_status":"open","ping_status":"closed","template":"","meta":{"_acf_changed":false,"iawp_total_views":13},"product_brand":[],"product_cat":[29],"product_tag":[],"class_list":{"0":"post-666","1":"product","2":"type-product","3":"status-publish","4":"has-post-thumbnail","6":"product_cat-impresos","8":"first","9":"instock","10":"virtual","11":"purchasable","12":"product-type-simple"},"acf":[],"_links":{"self":[{"href":"https:\/\/enot.design\/en\/wp-json\/wp\/v2\/product\/666","targetHints":{"allow":["GET"]}}],"collection":[{"href":"https:\/\/enot.design\/en\/wp-json\/wp\/v2\/product"}],"about":[{"href":"https:\/\/enot.design\/en\/wp-json\/wp\/v2\/types\/product"}],"replies":[{"embeddable":true,"href":"https:\/\/enot.design\/en\/wp-json\/wp\/v2\/comments?post=666"}],"wp:featuredmedia":[{"embeddable":true,"href":"https:\/\/enot.design\/en\/wp-json\/wp\/v2\/media\/673"}],"wp:attachment":[{"href":"https:\/\/enot.design\/en\/wp-json\/wp\/v2\/media?parent=666"}],"wp:term":[{"taxonomy":"product_brand","embeddable":true,"href":"https:\/\/enot.design\/en\/wp-json\/wp\/v2\/product_brand?post=666"},{"taxonomy":"product_cat","embeddable":true,"href":"https:\/\/enot.design\/en\/wp-json\/wp\/v2\/product_cat?post=666"},{"taxonomy":"product_tag","embeddable":true,"href":"https:\/\/enot.design\/en\/wp-json\/wp\/v2\/product_tag?post=666"}],"curies":[{"name":"wp","href":"https:\/\/api.w.org\/{rel}","templated":true}]}}